{"id":8,"date":"2021-05-11T06:34:39","date_gmt":"2021-05-11T06:34:39","guid":{"rendered":"https:\/\/hungthienanime.com\/?page_id=8"},"modified":"2026-01-22T12:58:51","modified_gmt":"2026-01-22T05:58:51","slug":"gioi-thieu","status":"publish","type":"page","link":"https:\/\/hungthienanime.com\/ja\/gioi-thieu\/","title":{"rendered":"HUNG THIEN\u682a\u5f0f\u4f1a\u793e"},"content":{"rendered":"<p>HUNG THIEN\u682a\u5f0f\u4f1a\u793e\u306f\u3001\u5728\u30d9\u30c8\u30ca\u30e0\u306e\u80cc\u666f\u7f8e\u8853\u5236\u4f5c\u4f1a\u793e\u3067\u3042\u308a\u30012008\u5e74\u3088\u308a\u5275\u696d\u4ee5\u6765\u3001\u65e5\u672c\u306e\u30a2\u30cb\u30e1\u30fc\u30b7\u30e7\u30f3\u306e\u7f8e\u8853\u80cc\u666f\u3092\u4e2d\u5fc3\u3068\u3057\u3066\u4e8b\u696d\u3057\u3066\u304a\u308a\u307e\u3059\u3002 <span data-offset-key=\"edvf6-0-0\">.<\/span><\/p>\n<p>\u6211\u3005\u306f\u300115\u5e74\u4ee5\u4e0a\u306b\u6e21\u308a\u306b\u5287\u5834\u30a2\u30cb\u30e1\u3084\u30c6\u30ec\u30d3\u30b7\u30ea\u30fc\u30ba\u4f5c\u54c1\u3084\uff23\uff2d\u306a\u3069\u306b\u643a\u308f\u3063\u3066\u307e\u3044\u308a\u307e\u3057\u305f\u3002\u3055\u3089\u306b\u793e\u54e1\u306e\uff15\uff10\u540d\u7a0b\u306e\u898f\u6a21\u306e\u4f1a\u793e\u3067\u3001\u77ed\u7d0d\u671f\u3067\u30af\u30aa\u30ea\u30c6\u30a3\u306e\u9ad8\u3044\u7f8e\u8853\u80cc\u666f\u3092\u91cf\u7523\u3067\u304d\u308b\u81ea\u4fe1\u3092\u6301\u3063\u3066\u304a\u308a\u307e\u3059\u3002<\/p>\n<p>\u4eca\u5f8c\u3082\u30a2\u30cb\u30e1\u30d5\u30a1\u30f3\u306b\u6700\u9ad8\u306a\u54c1\u5b9f\u3092\u63d0\u4f9b\u3067\u304d\u308b\u3088\u3046\u306b\u9867\u5ba2\u69d8\u306e\u3054\u5354\u529b\u306e\u307b\u3069\u3088\u308d\u3057\u304f\u304a\u9858\u3044\u7533\u3057\u4e0a\u3052\u307e\u3059\u3002<\/p>\n<p>&nbsp;<\/p>\n<p>&nbsp;<\/p>\n<table style=\"height: 290px;\" width=\"799\">\n<tbody>\n<tr>\n<td width=\"190\">\u4f1a\u793e\u540d<\/td>\n<td colspan=\"4\" width=\"574\">HUNG THIEN\u682a\u5f0f\u4f1a\u793e<\/td>\n<\/tr>\n<tr>\n<td width=\"190\">\u8a2d\u7acb\u65e5<\/td>\n<td colspan=\"4\" width=\"368\">\u00a02008\u5e74\uff14\u6708\uff12\u65e5<\/td>\n<\/tr>\n<tr>\n<td width=\"190\">\u7a0e\u91d1\u756a\u53f7<\/td>\n<td colspan=\"4\" width=\"574\">0305573975<\/td>\n<\/tr>\n<tr>\n<td width=\"190\">\u4f4f\u6240<\/td>\n<td colspan=\"4\" width=\"574\">E29\u53f7\u3001C3\u901a\u308a\u3001TAN THOI NHAT \u8857\u533a\u300112\u533a\u3001\u30db\u30fc\u30c1\u30df\u30f3\u5e02\u3001\u30d9\u30c8\u30ca\u30e0<\/td>\n<\/tr>\n<tr>\n<td width=\"190\">\u96fb\u8a71\u756a\u53f7<\/td>\n<td colspan=\"4\" width=\"574\">\u00a0(+84)028.36366715<\/td>\n<\/tr>\n<\/tbody>\n<\/table>","protected":false},"excerpt":{"rendered":"<p>C\u00f4ng ty TNHH H\u00f9ng Thi\u00ean \u0111\u01b0\u1ee3c th\u00e0nh l\u1eadp th\u00e1ng 04 n\u0103m 2008. L\u00e0 m\u1ed9t trong nh\u1eefng c\u00f4ng ty \u0111\u1eb7t nh\u1eefng&#8230;<\/p>","protected":false},"author":2,"featured_media":0,"parent":0,"menu_order":2,"comment_status":"closed","ping_status":"closed","template":"page-about.php","meta":{"_acf_changed":false,"footnotes":""},"class_list":["post-8","page","type-page","status-publish","hentry"],"acf":[],"yoast_head":"<!-- This site is optimized with the Yoast SEO plugin v23.2 - https:\/\/yoast.com\/wordpress\/plugins\/seo\/ -->\n<title>C\u00f4ng ty TNHH H\u00f9ng Thi\u00ean - Hung Thien Anime<\/title>\n<meta name=\"robots\" content=\"index, follow, max-snippet:-1, max-image-preview:large, max-video-preview:-1\" \/>\n<link rel=\"canonical\" href=\"https:\/\/hungthienanime.com\/ja\/gioi-thieu\/\" \/>\n<meta property=\"og:locale\" content=\"ja_JP\" \/>\n<meta property=\"og:type\" content=\"article\" \/>\n<meta property=\"og:title\" content=\"C\u00f4ng ty TNHH H\u00f9ng Thi\u00ean - Hung Thien Anime\" \/>\n<meta property=\"og:description\" content=\"C\u00f4ng ty TNHH H\u00f9ng Thi\u00ean \u0111\u01b0\u1ee3c th\u00e0nh l\u1eadp th\u00e1ng 04 n\u0103m 2008. L\u00e0 m\u1ed9t trong nh\u1eefng c\u00f4ng ty \u0111\u1eb7t nh\u1eefng...\" \/>\n<meta property=\"og:url\" content=\"https:\/\/hungthienanime.com\/ja\/gioi-thieu\/\" \/>\n<meta property=\"og:site_name\" content=\"Hung Thien Anime\" \/>\n<meta property=\"article:modified_time\" content=\"2026-01-22T05:58:51+00:00\" \/>\n<meta name=\"twitter:card\" content=\"summary_large_image\" \/>\n<meta name=\"twitter:label1\" content=\"\u63a8\u5b9a\u8aad\u307f\u53d6\u308a\u6642\u9593\" \/>\n\t<meta name=\"twitter:data1\" content=\"1\u5206\" \/>\n<script type=\"application\/ld+json\" class=\"yoast-schema-graph\">{\"@context\":\"https:\/\/schema.org\",\"@graph\":[{\"@type\":\"WebPage\",\"@id\":\"https:\/\/hungthienanime.com\/ja\/gioi-thieu\/\",\"url\":\"https:\/\/hungthienanime.com\/ja\/gioi-thieu\/\",\"name\":\"C\u00f4ng ty TNHH H\u00f9ng Thi\u00ean - Hung Thien Anime\",\"isPartOf\":{\"@id\":\"https:\/\/hungthienanime.com\/ja\/#website\"},\"datePublished\":\"2021-05-11T06:34:39+00:00\",\"dateModified\":\"2026-01-22T05:58:51+00:00\",\"breadcrumb\":{\"@id\":\"https:\/\/hungthienanime.com\/ja\/gioi-thieu\/#breadcrumb\"},\"inLanguage\":\"ja\",\"potentialAction\":[{\"@type\":\"ReadAction\",\"target\":[\"https:\/\/hungthienanime.com\/ja\/gioi-thieu\/\"]}]},{\"@type\":\"BreadcrumbList\",\"@id\":\"https:\/\/hungthienanime.com\/ja\/gioi-thieu\/#breadcrumb\",\"itemListElement\":[{\"@type\":\"ListItem\",\"position\":1,\"name\":\"Home\",\"item\":\"https:\/\/hungthienanime.com\/\"},{\"@type\":\"ListItem\",\"position\":2,\"name\":\"C\u00f4ng ty TNHH H\u00f9ng Thi\u00ean\"}]},{\"@type\":\"WebSite\",\"@id\":\"https:\/\/hungthienanime.com\/ja\/#website\",\"url\":\"https:\/\/hungthienanime.com\/ja\/\",\"name\":\"Hung Thien Anime\",\"description\":\"C\u00d4NG TY TNHH H\u00d9NG THI\u00caN\",\"potentialAction\":[{\"@type\":\"SearchAction\",\"target\":{\"@type\":\"EntryPoint\",\"urlTemplate\":\"https:\/\/hungthienanime.com\/ja\/?s={search_term_string}\"},\"query-input\":\"required name=search_term_string\"}],\"inLanguage\":\"ja\"}]}<\/script>\n<!-- \/ Yoast SEO plugin. -->","yoast_head_json":{"title":"C\u00f4ng ty TNHH H\u00f9ng Thi\u00ean - Hung Thien Anime","robots":{"index":"index","follow":"follow","max-snippet":"max-snippet:-1","max-image-preview":"max-image-preview:large","max-video-preview":"max-video-preview:-1"},"canonical":"https:\/\/hungthienanime.com\/ja\/gioi-thieu\/","og_locale":"ja_JP","og_type":"article","og_title":"C\u00f4ng ty TNHH H\u00f9ng Thi\u00ean - Hung Thien Anime","og_description":"C\u00f4ng ty TNHH H\u00f9ng Thi\u00ean \u0111\u01b0\u1ee3c th\u00e0nh l\u1eadp th\u00e1ng 04 n\u0103m 2008. L\u00e0 m\u1ed9t trong nh\u1eefng c\u00f4ng ty \u0111\u1eb7t nh\u1eefng...","og_url":"https:\/\/hungthienanime.com\/ja\/gioi-thieu\/","og_site_name":"Hung Thien Anime","article_modified_time":"2026-01-22T05:58:51+00:00","twitter_card":"summary_large_image","twitter_misc":{"\u63a8\u5b9a\u8aad\u307f\u53d6\u308a\u6642\u9593":"1\u5206"},"schema":{"@context":"https:\/\/schema.org","@graph":[{"@type":"WebPage","@id":"https:\/\/hungthienanime.com\/ja\/gioi-thieu\/","url":"https:\/\/hungthienanime.com\/ja\/gioi-thieu\/","name":"C\u00f4ng ty TNHH H\u00f9ng Thi\u00ean - Hung Thien Anime","isPartOf":{"@id":"https:\/\/hungthienanime.com\/ja\/#website"},"datePublished":"2021-05-11T06:34:39+00:00","dateModified":"2026-01-22T05:58:51+00:00","breadcrumb":{"@id":"https:\/\/hungthienanime.com\/ja\/gioi-thieu\/#breadcrumb"},"inLanguage":"ja","potentialAction":[{"@type":"ReadAction","target":["https:\/\/hungthienanime.com\/ja\/gioi-thieu\/"]}]},{"@type":"BreadcrumbList","@id":"https:\/\/hungthienanime.com\/ja\/gioi-thieu\/#breadcrumb","itemListElement":[{"@type":"ListItem","position":1,"name":"Home","item":"https:\/\/hungthienanime.com\/"},{"@type":"ListItem","position":2,"name":"C\u00f4ng ty TNHH H\u00f9ng Thi\u00ean"}]},{"@type":"WebSite","@id":"https:\/\/hungthienanime.com\/ja\/#website","url":"https:\/\/hungthienanime.com\/ja\/","name":"Hung Thien Anime","description":"C\u00d4NG TY TNHH H\u00d9NG THI\u00caN","potentialAction":[{"@type":"SearchAction","target":{"@type":"EntryPoint","urlTemplate":"https:\/\/hungthienanime.com\/ja\/?s={search_term_string}"},"query-input":"required name=search_term_string"}],"inLanguage":"ja"}]}},"_links":{"self":[{"href":"https:\/\/hungthienanime.com\/ja\/wp-json\/wp\/v2\/pages\/8"}],"collection":[{"href":"https:\/\/hungthienanime.com\/ja\/wp-json\/wp\/v2\/pages"}],"about":[{"href":"https:\/\/hungthienanime.com\/ja\/wp-json\/wp\/v2\/types\/page"}],"author":[{"embeddable":true,"href":"https:\/\/hungthienanime.com\/ja\/wp-json\/wp\/v2\/users\/2"}],"replies":[{"embeddable":true,"href":"https:\/\/hungthienanime.com\/ja\/wp-json\/wp\/v2\/comments?post=8"}],"version-history":[{"count":53,"href":"https:\/\/hungthienanime.com\/ja\/wp-json\/wp\/v2\/pages\/8\/revisions"}],"predecessor-version":[{"id":2287,"href":"https:\/\/hungthienanime.com\/ja\/wp-json\/wp\/v2\/pages\/8\/revisions\/2287"}],"wp:attachment":[{"href":"https:\/\/hungthienanime.com\/ja\/wp-json\/wp\/v2\/media?parent=8"}],"curies":[{"name":"wp","href":"https:\/\/api.w.org\/{rel}","templated":true}]}}