{"id":420,"date":"2021-05-27T09:52:48","date_gmt":"2021-05-27T02:52:48","guid":{"rendered":"https:\/\/hungthienanime.com\/?page_id=420"},"modified":"2022-02-10T14:52:45","modified_gmt":"2022-02-10T07:52:45","slug":"tuyen-dung-ke-toan","status":"publish","type":"page","link":"https:\/\/hungthienanime.com\/ja\/tuyen-dung\/","title":{"rendered":"\u672a\u7d4c\u9a13\u306e\u65b9"},"content":{"rendered":"<div class=\"box_mota\">\n<div class=\"hd_mota\">\n<h2>M\u00f4 t\u1ea3 ch\u01b0\u01a1ng tr\u00ecnh h\u1ecdc:<\/h2>\n<\/div>\n<p>+ Nh\u00f3m Tr\u01b0\u1edfng tr\u1ef1c ti\u1ebfp h\u01b0\u1edbng d\u1eabn\u00a0 v\u1ebd ph\u1ed1i c\u1ea3nh theo phong c\u00e1ch phim ho\u1ea1t h\u00ecnh Nh\u1eadt B\u1ea3n.<br \/>\n+ Th\u1eddi gian h\u1ecdc vi\u1ec7c c\u01a1 b\u1ea3n kho\u1ea3ng 2 th\u00e1ng ho\u1eb7c nhanh h\u01a1n t\u00f9y theo s\u1ef1 c\u1ed1 g\u1eafng, m\u1ee9c \u0111\u1ed9 ti\u1ebfp thu c\u1ee7a h\u1ecdc vi\u00ean.<\/p>\n<p>+ Th\u1eddi gian : 8:00~17:00 t\u1eeb th\u1ee9 2 \u0111\u1ebfn th\u1ee9 7, c\u00f3 ngh\u1ec9 ng\u00e0y th\u1ee9 7 theo l\u1ecbch c\u00f4ng ty.<br \/>\n+ \u0110\u1ecba \u0111i\u1ec3m : t\u1ea1i c\u00f4ng ty.<\/p>\n<\/div>\n<div class=\"box_yeucau\">\n<h2>Y\u00eau c\u1ea7u c\u01a1 b\u1ea3n:<\/h2>\n<p>+ Y\u00eau th\u00edch v\u1ebd, hi\u1ec3u quy lu\u1eadt ph\u1ed1i c\u1ea3nh, c\u00f3 khi\u1ebfu th\u1ea9m m\u1ef9 t\u1ed1t.<br \/>\n+ Bi\u1ebft s\u1eed d\u1ee5ng photoshop c\u01a1 b\u1ea3n, s\u1ebd \u0111\u01b0\u1ee3c h\u01b0\u1edbng d\u1eabn th\u00eam.<br \/>\n+ Ch\u0103m h\u1ecdc h\u1ecfi, si\u00eang n\u0103ng, tinh th\u1ea7n tr\u00e1ch nhi\u1ec7m.<\/p>\n<\/div>\n<div class=\"box_quyenloi\">\n<h2>Ch\u1ebf \u0111\u1ed9, ph\u00fac l\u1ee3i:<\/h2>\n<p>+ Nh\u1eadn l\u01b0\u01a1ng h\u1ecdc vi\u1ec7c v\u00e0 tr\u1ee3 c\u1ea5p c\u01a1m tr\u01b0a.<br \/>\n+ Tham gia c\u00e1c ho\u1ea1t \u0111\u1ed9ng t\u1eadp th\u1ec3 party, du l\u1ecbch.<br \/>\n+ T\u0103ng l\u01b0\u01a1ng theo ti\u1ebfn \u0111\u1ed9 sau khi k\u1ebft th\u00fac h\u1ecdc vi\u1ec7c.<\/p>\n<\/div>\n<div class=\"box_quyenloi\">\n<h2>H\u1ed3 s\u01a1 bao g\u1ed3m:<\/h2>\n<p>+ H\u1ed3 s\u01a1 xin vi\u1ec7c: s\u01a1 y\u1ebfu l\u00fd l\u1ecbch, \u0111\u01a1n xin vi\u1ec7c.<br \/>\n+ H\u00ecnh v\u1ebd ph\u1ed1i c\u1ea3nh 2~3 b\u1ea3n b\u1eb1ng gi\u1ea5y A4 ho\u1eb7c file \u1ea3nh \u0111\u00e3 v\u1ebd .<br \/>\n+ G\u1eedi h\u1ed3 s\u01a1 v\u1ec1 email: hungthienanime@gmail.com ; ho\u1eb7c li\u00ean h\u1ec7 tr\u1ef1c ti\u1ebfp Mr Nh\u00e2n 0939 730203.<\/p>\n<\/div>","protected":false},"excerpt":{"rendered":"<p>M\u00f4 t\u1ea3 ch\u01b0\u01a1ng tr\u00ecnh h\u1ecdc: + Nh\u00f3m Tr\u01b0\u1edfng tr\u1ef1c ti\u1ebfp h\u01b0\u1edbng d\u1eabn\u00a0 v\u1ebd ph\u1ed1i c\u1ea3nh theo phong c\u00e1ch phim ho\u1ea1t&#8230;<\/p>","protected":false},"author":2,"featured_media":0,"parent":6,"menu_order":3,"comment_status":"closed","ping_status":"closed","template":"page-tuyendung.php","meta":{"_acf_changed":false,"footnotes":""},"class_list":["post-420","page","type-page","status-publish","hentry"],"acf":[],"yoast_head":"<!-- This site is optimized with the Yoast SEO plugin v23.2 - https:\/\/yoast.com\/wordpress\/plugins\/seo\/ -->\n<title>\u0110\u00e0o t\u1ea1o h\u1ecdc vi\u00ean - Hung Thien Anime<\/title>\n<meta name=\"robots\" content=\"index, follow, max-snippet:-1, max-image-preview:large, max-video-preview:-1\" \/>\n<link rel=\"canonical\" href=\"https:\/\/hungthienanime.com\/ja\/tuyen-dung\/\" \/>\n<meta property=\"og:locale\" content=\"ja_JP\" \/>\n<meta property=\"og:type\" content=\"article\" \/>\n<meta property=\"og:title\" content=\"\u0110\u00e0o t\u1ea1o h\u1ecdc vi\u00ean - Hung Thien Anime\" \/>\n<meta property=\"og:description\" content=\"M\u00f4 t\u1ea3 ch\u01b0\u01a1ng tr\u00ecnh h\u1ecdc: + Nh\u00f3m Tr\u01b0\u1edfng tr\u1ef1c ti\u1ebfp h\u01b0\u1edbng d\u1eabn\u00a0 v\u1ebd ph\u1ed1i c\u1ea3nh theo phong c\u00e1ch phim ho\u1ea1t...\" \/>\n<meta property=\"og:url\" content=\"https:\/\/hungthienanime.com\/ja\/tuyen-dung\/\" \/>\n<meta property=\"og:site_name\" content=\"Hung Thien Anime\" \/>\n<meta property=\"article:modified_time\" content=\"2022-02-10T07:52:45+00:00\" \/>\n<meta name=\"twitter:card\" content=\"summary_large_image\" \/>\n<meta name=\"twitter:label1\" content=\"\u63a8\u5b9a\u8aad\u307f\u53d6\u308a\u6642\u9593\" \/>\n\t<meta name=\"twitter:data1\" content=\"1\u5206\" \/>\n<script type=\"application\/ld+json\" class=\"yoast-schema-graph\">{\"@context\":\"https:\/\/schema.org\",\"@graph\":[{\"@type\":\"WebPage\",\"@id\":\"https:\/\/hungthienanime.com\/ja\/tuyen-dung\/\",\"url\":\"https:\/\/hungthienanime.com\/ja\/tuyen-dung\/\",\"name\":\"\u0110\u00e0o t\u1ea1o h\u1ecdc vi\u00ean - Hung Thien Anime\",\"isPartOf\":{\"@id\":\"https:\/\/hungthienanime.com\/ja\/#website\"},\"datePublished\":\"2021-05-27T02:52:48+00:00\",\"dateModified\":\"2022-02-10T07:52:45+00:00\",\"breadcrumb\":{\"@id\":\"https:\/\/hungthienanime.com\/ja\/tuyen-dung\/#breadcrumb\"},\"inLanguage\":\"ja\",\"potentialAction\":[{\"@type\":\"ReadAction\",\"target\":[\"https:\/\/hungthienanime.com\/ja\/tuyen-dung\/\"]}]},{\"@type\":\"BreadcrumbList\",\"@id\":\"https:\/\/hungthienanime.com\/ja\/tuyen-dung\/#breadcrumb\",\"itemListElement\":[{\"@type\":\"ListItem\",\"position\":1,\"name\":\"Home\",\"item\":\"https:\/\/hungthienanime.com\/\"},{\"@type\":\"ListItem\",\"position\":2,\"name\":\"Trang ch\u1ee7\",\"item\":\"https:\/\/hungthienanime.com\/\"},{\"@type\":\"ListItem\",\"position\":3,\"name\":\"\u0110\u00e0o t\u1ea1o h\u1ecdc vi\u00ean\"}]},{\"@type\":\"WebSite\",\"@id\":\"https:\/\/hungthienanime.com\/ja\/#website\",\"url\":\"https:\/\/hungthienanime.com\/ja\/\",\"name\":\"Hung Thien Anime\",\"description\":\"C\u00d4NG TY TNHH H\u00d9NG THI\u00caN\",\"potentialAction\":[{\"@type\":\"SearchAction\",\"target\":{\"@type\":\"EntryPoint\",\"urlTemplate\":\"https:\/\/hungthienanime.com\/ja\/?s={search_term_string}\"},\"query-input\":\"required name=search_term_string\"}],\"inLanguage\":\"ja\"}]}<\/script>\n<!-- \/ Yoast SEO plugin. -->","yoast_head_json":{"title":"\u0110\u00e0o t\u1ea1o h\u1ecdc vi\u00ean - Hung Thien Anime","robots":{"index":"index","follow":"follow","max-snippet":"max-snippet:-1","max-image-preview":"max-image-preview:large","max-video-preview":"max-video-preview:-1"},"canonical":"https:\/\/hungthienanime.com\/ja\/tuyen-dung\/","og_locale":"ja_JP","og_type":"article","og_title":"\u0110\u00e0o t\u1ea1o h\u1ecdc vi\u00ean - Hung Thien Anime","og_description":"M\u00f4 t\u1ea3 ch\u01b0\u01a1ng tr\u00ecnh h\u1ecdc: + Nh\u00f3m Tr\u01b0\u1edfng tr\u1ef1c ti\u1ebfp h\u01b0\u1edbng d\u1eabn\u00a0 v\u1ebd ph\u1ed1i c\u1ea3nh theo phong c\u00e1ch phim ho\u1ea1t...","og_url":"https:\/\/hungthienanime.com\/ja\/tuyen-dung\/","og_site_name":"Hung Thien Anime","article_modified_time":"2022-02-10T07:52:45+00:00","twitter_card":"summary_large_image","twitter_misc":{"\u63a8\u5b9a\u8aad\u307f\u53d6\u308a\u6642\u9593":"1\u5206"},"schema":{"@context":"https:\/\/schema.org","@graph":[{"@type":"WebPage","@id":"https:\/\/hungthienanime.com\/ja\/tuyen-dung\/","url":"https:\/\/hungthienanime.com\/ja\/tuyen-dung\/","name":"\u0110\u00e0o t\u1ea1o h\u1ecdc vi\u00ean - Hung Thien Anime","isPartOf":{"@id":"https:\/\/hungthienanime.com\/ja\/#website"},"datePublished":"2021-05-27T02:52:48+00:00","dateModified":"2022-02-10T07:52:45+00:00","breadcrumb":{"@id":"https:\/\/hungthienanime.com\/ja\/tuyen-dung\/#breadcrumb"},"inLanguage":"ja","potentialAction":[{"@type":"ReadAction","target":["https:\/\/hungthienanime.com\/ja\/tuyen-dung\/"]}]},{"@type":"BreadcrumbList","@id":"https:\/\/hungthienanime.com\/ja\/tuyen-dung\/#breadcrumb","itemListElement":[{"@type":"ListItem","position":1,"name":"Home","item":"https:\/\/hungthienanime.com\/"},{"@type":"ListItem","position":2,"name":"Trang ch\u1ee7","item":"https:\/\/hungthienanime.com\/"},{"@type":"ListItem","position":3,"name":"\u0110\u00e0o t\u1ea1o h\u1ecdc vi\u00ean"}]},{"@type":"WebSite","@id":"https:\/\/hungthienanime.com\/ja\/#website","url":"https:\/\/hungthienanime.com\/ja\/","name":"Hung Thien Anime","description":"C\u00d4NG TY TNHH H\u00d9NG THI\u00caN","potentialAction":[{"@type":"SearchAction","target":{"@type":"EntryPoint","urlTemplate":"https:\/\/hungthienanime.com\/ja\/?s={search_term_string}"},"query-input":"required name=search_term_string"}],"inLanguage":"ja"}]}},"_links":{"self":[{"href":"https:\/\/hungthienanime.com\/ja\/wp-json\/wp\/v2\/pages\/420"}],"collection":[{"href":"https:\/\/hungthienanime.com\/ja\/wp-json\/wp\/v2\/pages"}],"about":[{"href":"https:\/\/hungthienanime.com\/ja\/wp-json\/wp\/v2\/types\/page"}],"author":[{"embeddable":true,"href":"https:\/\/hungthienanime.com\/ja\/wp-json\/wp\/v2\/users\/2"}],"replies":[{"embeddable":true,"href":"https:\/\/hungthienanime.com\/ja\/wp-json\/wp\/v2\/comments?post=420"}],"version-history":[{"count":12,"href":"https:\/\/hungthienanime.com\/ja\/wp-json\/wp\/v2\/pages\/420\/revisions"}],"predecessor-version":[{"id":1690,"href":"https:\/\/hungthienanime.com\/ja\/wp-json\/wp\/v2\/pages\/420\/revisions\/1690"}],"up":[{"embeddable":true,"href":"https:\/\/hungthienanime.com\/ja\/wp-json\/wp\/v2\/pages\/6"}],"wp:attachment":[{"href":"https:\/\/hungthienanime.com\/ja\/wp-json\/wp\/v2\/media?parent=420"}],"curies":[{"name":"wp","href":"https:\/\/api.w.org\/{rel}","templated":true}]}}