{"id":380,"date":"2021-05-21T04:09:09","date_gmt":"2021-05-21T04:09:09","guid":{"rendered":"https:\/\/hungthienanime.com\/?page_id=380"},"modified":"2025-12-17T10:24:26","modified_gmt":"2025-12-17T03:24:26","slug":"tuyen-dung-hoa-vien","status":"publish","type":"page","link":"https:\/\/hungthienanime.com\/ja\/tuyen-dung-hoa-vien\/","title":{"rendered":"\u80cc\u666f\u7d4c\u9a13\u304c\u3042\u308b\u65b9"},"content":{"rendered":"<div class=\"box_mota\">\n<div class=\"hd_mota\">\n<h2>M\u00f4 t\u1ea3 c\u00f4ng vi\u1ec7c:<\/h2>\n<\/div>\n<p>+ V\u1ebd ph\u1ed1i c\u1ea3nh 2D phim ho\u1ea1t h\u00ecnh Nh\u1eadt B\u1ea3n (BG 2D) tr\u00ean ph\u1ea7n m\u1ec1m photoshop.<br \/>\n+ Th\u1ef1c hi\u1ec7n theo y\u00eau c\u1ea7u, h\u01b0\u1edbng d\u1eabn c\u1ee7a Qu\u1ea3n l\u00fd m\u1ef9 thu\u1eadt ng\u01b0\u1eddi Nh\u1eadt v\u00e0 nh\u00f3m Tr\u01b0\u1edfng.<br \/>\n+ Th\u1eddi gian l\u00e0m vi\u1ec7c: 8:00~17:00 t\u1eeb th\u1ee9 2 \u0111\u1ebfn th\u1ee9 7, c\u00f3 ngh\u1ec9 ng\u00e0y th\u1ee9 7 theo l\u1ecbch c\u00f4ng ty.<br \/>\n+ \u0110\u1ecba \u0111i\u1ec3m l\u00e0m vi\u1ec7c: t\u1ea1i c\u00f4ng ty.<\/p>\n<\/div>\n<div class=\"box_yeucau\">\n<h2>Y\u00eau c\u1ea7u c\u00f4ng vi\u1ec7c:<\/h2>\n<p>+ C\u00f3 kinh nghi\u1ec7m v\u1ebd BG 2D t\u1eeb 1 n\u0103m tr\u1edf l\u00ean.<br \/>\n+ H\u00f2a \u0111\u1ed3ng, tinh th\u1ea7n tr\u00e1ch nhi\u1ec7m, th\u1ef1c hi\u1ec7n \u0111\u00fang ch\u1ec9 th\u1ecb c\u1ea5p tr\u00ean.<\/p>\n<\/div>\n<div class=\"box_quyenloi\">\n<h2>Ch\u1ebf \u0111\u1ed9, ph\u00fac l\u1ee3i:<\/h2>\n<p>+ M\u1ee9c l\u01b0\u01a1ng h\u1ea5p d\u1eabn, x\u1ee9ng \u0111\u00e1ng v\u1edbi n\u0103ng l\u1ef1c, t\u1eeb 8 tri\u1ec7u ~ tr\u00ean 20 tri\u1ec7u VND, tr\u1ee3 c\u1ea5p ti\u1ec1n c\u01a1m, ti\u1ec1n x\u0103ng &amp; chuy\u00ean c\u1ea7n.<br \/>\n+ Th\u01b0\u1edfng th\u00e1ng 13, th\u01b0\u1edfng theo t\u00ecnh h\u00ecnh c\u00f4ng vi\u1ec7c, th\u01b0\u1edfng th\u00e2m ni\u00ean .<br \/>\n+ Tham gia BHXH+BHYT+BHTN, c\u00f4ng \u0111o\u00e0n, party th\u01b0\u1eddng xuy\u00ean, du l\u1ecbch.<\/p>\n<\/div>\n<div class=\"box_quyenloi\">\n<h2>H\u1ed3 s\u01a1 bao g\u1ed3m:<\/h2>\n<p>+ H\u1ed3 s\u01a1 xin vi\u1ec7c: s\u01a1 y\u1ebfu l\u00fd l\u1ecbch, \u0111\u01a1n xin vi\u1ec7c.<br \/>\n+ H\u00ecnh v\u1ebd ph\u1ed1i c\u1ea3nh 2~3 b\u1ea3n b\u1eb1ng gi\u1ea5y A4 ho\u1eb7c file \u1ea3nh \u0111\u00e3 v\u1ebd.<br \/>\n+ G\u1eedi h\u1ed3 s\u01a1 v\u1ec1 email: hungthienanime@gmail.com ; ho\u1eb7c li\u00ean h\u1ec7 tr\u1ef1c ti\u1ebfp Mr Nh\u00e2n 0939 730203.<\/p>\n<\/div>\n<div id=\"gtx-trans\" style=\"position: absolute; left: -14px; top: 59.8125px;\">\n<div class=\"gtx-trans-icon\"><\/div>\n<\/div>","protected":false},"excerpt":{"rendered":"<p>M\u00f4 t\u1ea3 c\u00f4ng vi\u1ec7c: + V\u1ebd ph\u1ed1i c\u1ea3nh 2D phim ho\u1ea1t h\u00ecnh Nh\u1eadt B\u1ea3n (BG 2D) tr\u00ean ph\u1ea7n m\u1ec1m photoshop&#8230;.<\/p>","protected":false},"author":2,"featured_media":0,"parent":0,"menu_order":7,"comment_status":"closed","ping_status":"closed","template":"page-tuyendung.php","meta":{"_acf_changed":false,"footnotes":""},"class_list":["post-380","page","type-page","status-publish","hentry"],"acf":[],"yoast_head":"<!-- This site is optimized with the Yoast SEO plugin v23.2 - https:\/\/yoast.com\/wordpress\/plugins\/seo\/ -->\n<title>Tuy\u1ec3n d\u1ee5ng h\u1ecda vi\u00ean c\u00f3 kinh nghi\u1ec7m - Hung Thien Anime<\/title>\n<meta name=\"robots\" content=\"index, follow, max-snippet:-1, max-image-preview:large, max-video-preview:-1\" \/>\n<link rel=\"canonical\" href=\"https:\/\/hungthienanime.com\/ja\/tuyen-dung-hoa-vien\/\" \/>\n<meta property=\"og:locale\" content=\"ja_JP\" \/>\n<meta property=\"og:type\" content=\"article\" \/>\n<meta property=\"og:title\" content=\"Tuy\u1ec3n d\u1ee5ng h\u1ecda vi\u00ean c\u00f3 kinh nghi\u1ec7m - Hung Thien Anime\" \/>\n<meta property=\"og:description\" content=\"M\u00f4 t\u1ea3 c\u00f4ng vi\u1ec7c: + V\u1ebd ph\u1ed1i c\u1ea3nh 2D phim ho\u1ea1t h\u00ecnh Nh\u1eadt B\u1ea3n (BG 2D) tr\u00ean ph\u1ea7n m\u1ec1m photoshop....\" \/>\n<meta property=\"og:url\" content=\"https:\/\/hungthienanime.com\/ja\/tuyen-dung-hoa-vien\/\" \/>\n<meta property=\"og:site_name\" content=\"Hung Thien Anime\" \/>\n<meta property=\"article:modified_time\" content=\"2025-12-17T03:24:26+00:00\" \/>\n<meta name=\"twitter:card\" content=\"summary_large_image\" \/>\n<meta name=\"twitter:label1\" content=\"\u63a8\u5b9a\u8aad\u307f\u53d6\u308a\u6642\u9593\" \/>\n\t<meta name=\"twitter:data1\" content=\"2\u5206\" \/>\n<script type=\"application\/ld+json\" class=\"yoast-schema-graph\">{\"@context\":\"https:\/\/schema.org\",\"@graph\":[{\"@type\":\"WebPage\",\"@id\":\"https:\/\/hungthienanime.com\/ja\/tuyen-dung-hoa-vien\/\",\"url\":\"https:\/\/hungthienanime.com\/ja\/tuyen-dung-hoa-vien\/\",\"name\":\"Tuy\u1ec3n d\u1ee5ng h\u1ecda vi\u00ean c\u00f3 kinh nghi\u1ec7m - Hung Thien Anime\",\"isPartOf\":{\"@id\":\"https:\/\/hungthienanime.com\/ja\/#website\"},\"datePublished\":\"2021-05-21T04:09:09+00:00\",\"dateModified\":\"2025-12-17T03:24:26+00:00\",\"breadcrumb\":{\"@id\":\"https:\/\/hungthienanime.com\/ja\/tuyen-dung-hoa-vien\/#breadcrumb\"},\"inLanguage\":\"ja\",\"potentialAction\":[{\"@type\":\"ReadAction\",\"target\":[\"https:\/\/hungthienanime.com\/ja\/tuyen-dung-hoa-vien\/\"]}]},{\"@type\":\"BreadcrumbList\",\"@id\":\"https:\/\/hungthienanime.com\/ja\/tuyen-dung-hoa-vien\/#breadcrumb\",\"itemListElement\":[{\"@type\":\"ListItem\",\"position\":1,\"name\":\"Home\",\"item\":\"https:\/\/hungthienanime.com\/\"},{\"@type\":\"ListItem\",\"position\":2,\"name\":\"Tuy\u1ec3n d\u1ee5ng h\u1ecda vi\u00ean c\u00f3 kinh nghi\u1ec7m\"}]},{\"@type\":\"WebSite\",\"@id\":\"https:\/\/hungthienanime.com\/ja\/#website\",\"url\":\"https:\/\/hungthienanime.com\/ja\/\",\"name\":\"Hung Thien Anime\",\"description\":\"C\u00d4NG TY TNHH H\u00d9NG THI\u00caN\",\"potentialAction\":[{\"@type\":\"SearchAction\",\"target\":{\"@type\":\"EntryPoint\",\"urlTemplate\":\"https:\/\/hungthienanime.com\/ja\/?s={search_term_string}\"},\"query-input\":\"required name=search_term_string\"}],\"inLanguage\":\"ja\"}]}<\/script>\n<!-- \/ Yoast SEO plugin. -->","yoast_head_json":{"title":"Tuy\u1ec3n d\u1ee5ng h\u1ecda vi\u00ean c\u00f3 kinh nghi\u1ec7m - Hung Thien Anime","robots":{"index":"index","follow":"follow","max-snippet":"max-snippet:-1","max-image-preview":"max-image-preview:large","max-video-preview":"max-video-preview:-1"},"canonical":"https:\/\/hungthienanime.com\/ja\/tuyen-dung-hoa-vien\/","og_locale":"ja_JP","og_type":"article","og_title":"Tuy\u1ec3n d\u1ee5ng h\u1ecda vi\u00ean c\u00f3 kinh nghi\u1ec7m - Hung Thien Anime","og_description":"M\u00f4 t\u1ea3 c\u00f4ng vi\u1ec7c: + V\u1ebd ph\u1ed1i c\u1ea3nh 2D phim ho\u1ea1t h\u00ecnh Nh\u1eadt B\u1ea3n (BG 2D) tr\u00ean ph\u1ea7n m\u1ec1m photoshop....","og_url":"https:\/\/hungthienanime.com\/ja\/tuyen-dung-hoa-vien\/","og_site_name":"Hung Thien Anime","article_modified_time":"2025-12-17T03:24:26+00:00","twitter_card":"summary_large_image","twitter_misc":{"\u63a8\u5b9a\u8aad\u307f\u53d6\u308a\u6642\u9593":"2\u5206"},"schema":{"@context":"https:\/\/schema.org","@graph":[{"@type":"WebPage","@id":"https:\/\/hungthienanime.com\/ja\/tuyen-dung-hoa-vien\/","url":"https:\/\/hungthienanime.com\/ja\/tuyen-dung-hoa-vien\/","name":"Tuy\u1ec3n d\u1ee5ng h\u1ecda vi\u00ean c\u00f3 kinh nghi\u1ec7m - Hung Thien Anime","isPartOf":{"@id":"https:\/\/hungthienanime.com\/ja\/#website"},"datePublished":"2021-05-21T04:09:09+00:00","dateModified":"2025-12-17T03:24:26+00:00","breadcrumb":{"@id":"https:\/\/hungthienanime.com\/ja\/tuyen-dung-hoa-vien\/#breadcrumb"},"inLanguage":"ja","potentialAction":[{"@type":"ReadAction","target":["https:\/\/hungthienanime.com\/ja\/tuyen-dung-hoa-vien\/"]}]},{"@type":"BreadcrumbList","@id":"https:\/\/hungthienanime.com\/ja\/tuyen-dung-hoa-vien\/#breadcrumb","itemListElement":[{"@type":"ListItem","position":1,"name":"Home","item":"https:\/\/hungthienanime.com\/"},{"@type":"ListItem","position":2,"name":"Tuy\u1ec3n d\u1ee5ng h\u1ecda vi\u00ean c\u00f3 kinh nghi\u1ec7m"}]},{"@type":"WebSite","@id":"https:\/\/hungthienanime.com\/ja\/#website","url":"https:\/\/hungthienanime.com\/ja\/","name":"Hung Thien Anime","description":"C\u00d4NG TY TNHH H\u00d9NG THI\u00caN","potentialAction":[{"@type":"SearchAction","target":{"@type":"EntryPoint","urlTemplate":"https:\/\/hungthienanime.com\/ja\/?s={search_term_string}"},"query-input":"required name=search_term_string"}],"inLanguage":"ja"}]}},"_links":{"self":[{"href":"https:\/\/hungthienanime.com\/ja\/wp-json\/wp\/v2\/pages\/380"}],"collection":[{"href":"https:\/\/hungthienanime.com\/ja\/wp-json\/wp\/v2\/pages"}],"about":[{"href":"https:\/\/hungthienanime.com\/ja\/wp-json\/wp\/v2\/types\/page"}],"author":[{"embeddable":true,"href":"https:\/\/hungthienanime.com\/ja\/wp-json\/wp\/v2\/users\/2"}],"replies":[{"embeddable":true,"href":"https:\/\/hungthienanime.com\/ja\/wp-json\/wp\/v2\/comments?post=380"}],"version-history":[{"count":10,"href":"https:\/\/hungthienanime.com\/ja\/wp-json\/wp\/v2\/pages\/380\/revisions"}],"predecessor-version":[{"id":1106,"href":"https:\/\/hungthienanime.com\/ja\/wp-json\/wp\/v2\/pages\/380\/revisions\/1106"}],"wp:attachment":[{"href":"https:\/\/hungthienanime.com\/ja\/wp-json\/wp\/v2\/media?parent=380"}],"curies":[{"name":"wp","href":"https:\/\/api.w.org\/{rel}","templated":true}]}}