{"id":10,"date":"2021-05-11T06:36:20","date_gmt":"2021-05-11T06:36:20","guid":{"rendered":"https:\/\/hungthienanime.com\/?page_id=10"},"modified":"2021-10-29T08:35:03","modified_gmt":"2021-10-29T01:35:03","slug":"lien-he","status":"publish","type":"page","link":"https:\/\/hungthienanime.com\/ja\/lien-he\/","title":{"rendered":"\u304a\u554f\u3044\u5408\u308f\u305b"},"content":{"rendered":"<p><i class=\"fas fa-map-marker-alt\"><\/i>\u00a0E29\u53f7\u3001C3\u901a\u308a\u3001TAN THOI NHAT \u8857\u533a\u300112\u533a\u3001\u30db\u30fc\u30c1\u30df\u30f3\u5e02\u3001\u30d9\u30c8\u30ca\u30e0<\/p>\n<p><i class=\"fas fa-envelope\"><\/i>\u00a0<a href=\"mailto:hungthienanime@gmail.com\">hungthienanime@gmail.com<\/a><\/p>\n<p><a href=\"tel:( 84)028.36366715\">(+84)028.36366715 <\/a><\/p>\n<p>\u55b6\u696d\u6642\u9593\uff1a8:00\uff5e17:00\u6708\u66dc\u65e5\u304b\u3089\u571f\u66dc\u65e5\u307e\u3067\u3001\u65e5\u66dc\u65e5\u306f\u304a\u4f11\u307f\u3067\u3059\u3002<\/p>\n<p>&nbsp;<\/p>","protected":false},"excerpt":{"rendered":"<p>\u00a0E29 \u0110\u01b0\u1eddng C3,Khu Ph\u1ed1 4, Ph\u01b0\u1eddng T\u00e2n Th\u1edbi Nh\u1ea5t, Qu\u1eadn 12, Th\u00e0nh ph\u1ed1 H\u1ed3 Ch\u00ed Minh \u00a0hungthienanime@gmail.com (+84)028.36366715 Th\u1eddi gian&#8230;<\/p>","protected":false},"author":2,"featured_media":0,"parent":0,"menu_order":4,"comment_status":"closed","ping_status":"closed","template":"page-contact.php","meta":{"_acf_changed":false,"footnotes":""},"class_list":["post-10","page","type-page","status-publish","hentry"],"acf":[],"yoast_head":"<!-- This site is optimized with the Yoast SEO plugin v23.2 - https:\/\/yoast.com\/wordpress\/plugins\/seo\/ -->\n<title>Li\u00ean h\u1ec7 - Hung Thien Anime<\/title>\n<meta name=\"robots\" content=\"index, follow, max-snippet:-1, max-image-preview:large, max-video-preview:-1\" \/>\n<link rel=\"canonical\" href=\"https:\/\/hungthienanime.com\/ja\/lien-he\/\" \/>\n<meta property=\"og:locale\" content=\"ja_JP\" \/>\n<meta property=\"og:type\" content=\"article\" \/>\n<meta property=\"og:title\" content=\"Li\u00ean h\u1ec7 - Hung Thien Anime\" \/>\n<meta property=\"og:description\" content=\"\u00a0E29 \u0110\u01b0\u1eddng C3,Khu Ph\u1ed1 4, Ph\u01b0\u1eddng T\u00e2n Th\u1edbi Nh\u1ea5t, Qu\u1eadn 12, Th\u00e0nh ph\u1ed1 H\u1ed3 Ch\u00ed Minh \u00a0hungthienanime@gmail.com (+84)028.36366715 Th\u1eddi gian...\" \/>\n<meta property=\"og:url\" content=\"https:\/\/hungthienanime.com\/ja\/lien-he\/\" \/>\n<meta property=\"og:site_name\" content=\"Hung Thien Anime\" \/>\n<meta property=\"article:modified_time\" content=\"2021-10-29T01:35:03+00:00\" \/>\n<meta name=\"twitter:card\" content=\"summary_large_image\" \/>\n<meta name=\"twitter:label1\" content=\"\u63a8\u5b9a\u8aad\u307f\u53d6\u308a\u6642\u9593\" \/>\n\t<meta name=\"twitter:data1\" content=\"1\u5206\" \/>\n<script type=\"application\/ld+json\" class=\"yoast-schema-graph\">{\"@context\":\"https:\/\/schema.org\",\"@graph\":[{\"@type\":\"WebPage\",\"@id\":\"https:\/\/hungthienanime.com\/ja\/lien-he\/\",\"url\":\"https:\/\/hungthienanime.com\/ja\/lien-he\/\",\"name\":\"Li\u00ean h\u1ec7 - Hung Thien Anime\",\"isPartOf\":{\"@id\":\"https:\/\/hungthienanime.com\/ja\/#website\"},\"datePublished\":\"2021-05-11T06:36:20+00:00\",\"dateModified\":\"2021-10-29T01:35:03+00:00\",\"breadcrumb\":{\"@id\":\"https:\/\/hungthienanime.com\/ja\/lien-he\/#breadcrumb\"},\"inLanguage\":\"ja\",\"potentialAction\":[{\"@type\":\"ReadAction\",\"target\":[\"https:\/\/hungthienanime.com\/ja\/lien-he\/\"]}]},{\"@type\":\"BreadcrumbList\",\"@id\":\"https:\/\/hungthienanime.com\/ja\/lien-he\/#breadcrumb\",\"itemListElement\":[{\"@type\":\"ListItem\",\"position\":1,\"name\":\"Home\",\"item\":\"https:\/\/hungthienanime.com\/\"},{\"@type\":\"ListItem\",\"position\":2,\"name\":\"Li\u00ean h\u1ec7\"}]},{\"@type\":\"WebSite\",\"@id\":\"https:\/\/hungthienanime.com\/ja\/#website\",\"url\":\"https:\/\/hungthienanime.com\/ja\/\",\"name\":\"Hung Thien Anime\",\"description\":\"C\u00d4NG TY TNHH H\u00d9NG THI\u00caN\",\"potentialAction\":[{\"@type\":\"SearchAction\",\"target\":{\"@type\":\"EntryPoint\",\"urlTemplate\":\"https:\/\/hungthienanime.com\/ja\/?s={search_term_string}\"},\"query-input\":\"required name=search_term_string\"}],\"inLanguage\":\"ja\"}]}<\/script>\n<!-- \/ Yoast SEO plugin. -->","yoast_head_json":{"title":"Li\u00ean h\u1ec7 - Hung Thien Anime","robots":{"index":"index","follow":"follow","max-snippet":"max-snippet:-1","max-image-preview":"max-image-preview:large","max-video-preview":"max-video-preview:-1"},"canonical":"https:\/\/hungthienanime.com\/ja\/lien-he\/","og_locale":"ja_JP","og_type":"article","og_title":"Li\u00ean h\u1ec7 - Hung Thien Anime","og_description":"\u00a0E29 \u0110\u01b0\u1eddng C3,Khu Ph\u1ed1 4, Ph\u01b0\u1eddng T\u00e2n Th\u1edbi Nh\u1ea5t, Qu\u1eadn 12, Th\u00e0nh ph\u1ed1 H\u1ed3 Ch\u00ed Minh \u00a0hungthienanime@gmail.com (+84)028.36366715 Th\u1eddi gian...","og_url":"https:\/\/hungthienanime.com\/ja\/lien-he\/","og_site_name":"Hung Thien Anime","article_modified_time":"2021-10-29T01:35:03+00:00","twitter_card":"summary_large_image","twitter_misc":{"\u63a8\u5b9a\u8aad\u307f\u53d6\u308a\u6642\u9593":"1\u5206"},"schema":{"@context":"https:\/\/schema.org","@graph":[{"@type":"WebPage","@id":"https:\/\/hungthienanime.com\/ja\/lien-he\/","url":"https:\/\/hungthienanime.com\/ja\/lien-he\/","name":"Li\u00ean h\u1ec7 - Hung Thien Anime","isPartOf":{"@id":"https:\/\/hungthienanime.com\/ja\/#website"},"datePublished":"2021-05-11T06:36:20+00:00","dateModified":"2021-10-29T01:35:03+00:00","breadcrumb":{"@id":"https:\/\/hungthienanime.com\/ja\/lien-he\/#breadcrumb"},"inLanguage":"ja","potentialAction":[{"@type":"ReadAction","target":["https:\/\/hungthienanime.com\/ja\/lien-he\/"]}]},{"@type":"BreadcrumbList","@id":"https:\/\/hungthienanime.com\/ja\/lien-he\/#breadcrumb","itemListElement":[{"@type":"ListItem","position":1,"name":"Home","item":"https:\/\/hungthienanime.com\/"},{"@type":"ListItem","position":2,"name":"Li\u00ean h\u1ec7"}]},{"@type":"WebSite","@id":"https:\/\/hungthienanime.com\/ja\/#website","url":"https:\/\/hungthienanime.com\/ja\/","name":"Hung Thien Anime","description":"C\u00d4NG TY TNHH H\u00d9NG THI\u00caN","potentialAction":[{"@type":"SearchAction","target":{"@type":"EntryPoint","urlTemplate":"https:\/\/hungthienanime.com\/ja\/?s={search_term_string}"},"query-input":"required name=search_term_string"}],"inLanguage":"ja"}]}},"_links":{"self":[{"href":"https:\/\/hungthienanime.com\/ja\/wp-json\/wp\/v2\/pages\/10"}],"collection":[{"href":"https:\/\/hungthienanime.com\/ja\/wp-json\/wp\/v2\/pages"}],"about":[{"href":"https:\/\/hungthienanime.com\/ja\/wp-json\/wp\/v2\/types\/page"}],"author":[{"embeddable":true,"href":"https:\/\/hungthienanime.com\/ja\/wp-json\/wp\/v2\/users\/2"}],"replies":[{"embeddable":true,"href":"https:\/\/hungthienanime.com\/ja\/wp-json\/wp\/v2\/comments?post=10"}],"version-history":[{"count":10,"href":"https:\/\/hungthienanime.com\/ja\/wp-json\/wp\/v2\/pages\/10\/revisions"}],"predecessor-version":[{"id":723,"href":"https:\/\/hungthienanime.com\/ja\/wp-json\/wp\/v2\/pages\/10\/revisions\/723"}],"wp:attachment":[{"href":"https:\/\/hungthienanime.com\/ja\/wp-json\/wp\/v2\/media?parent=10"}],"curies":[{"name":"wp","href":"https:\/\/api.w.org\/{rel}","templated":true}]}}